{"id":7,"date":"2023-10-16T09:14:46","date_gmt":"2023-10-16T07:14:46","guid":{"rendered":"http:\/\/bs-wien.at\/neu\/?page_id=7"},"modified":"2024-05-18T21:45:05","modified_gmt":"2024-05-18T19:45:05","slug":"impressum","status":"publish","type":"page","link":"https:\/\/bs-wien.at\/neu\/impressum\/","title":{"rendered":"Impressum"},"content":{"rendered":"\t\t<div data-elementor-type=\"wp-page\" data-elementor-id=\"7\" class=\"elementor elementor-7\">\n\t\t\t\t<div class=\"elementor-element elementor-element-f306c95 e-flex e-con-boxed e-con e-parent\" data-id=\"f306c95\" data-element_type=\"container\">\n\t\t\t\t\t<div class=\"e-con-inner\">\n\t\t\t\t<div class=\"elementor-element elementor-element-08d3aee elementor-widget elementor-widget-text-editor\" data-id=\"08d3aee\" data-element_type=\"widget\" data-widget_type=\"text-editor.default\">\n\t\t\t\t<div class=\"elementor-widget-container\">\n\t\t\t\t\t\t\t\t\t<p>Berufsschule f\u00fcr Verwaltungsberufe<\/p>\n<p>Embelgasse 46<br>1050 Wien<\/p>\n<p>E-Mail: office.905025@schule.wien.gv.at<\/p>\n<p>Tel.: +43 14000-95935<\/p>\n<p>Schulkennzahl: 905025<\/p>\n<p><br><\/p>\n<p><b>Direktion<\/b><\/p>\n<p>BDin Dipl.P\u00e4d. Daniela Kirnbauer<br>E-Mail: direktion.905025@schule.wien.gv.at<\/p>\n<p><b>&nbsp;<\/b><\/p>\n<p><b>Blattlinie<\/b><\/p>\n<p>Diese Homepage enth\u00e4lt Informationen \u00fcber die Schule, wie z.B. Lehrerteam, Schwerpunktsetzung, Projekte, Aktivit\u00e4ten. Die Nutzung der Homepage ist unentgeltlich.<\/p>\n<p><b>&nbsp;<\/b><\/p>\n<p><b>Urheberrecht<\/b><\/p>\n<p>Das Layout und die Gestaltung des Angebots sowie die einzelnen Elemente (Logos, Fotos, etc.) sind ebenso wie die redaktionellen Beitr\u00e4ge im Einzelnen sowie in ihre Auswahl und Zusammenstellung urheberrechtlich gesch\u00fctzt. Jegliche Nutzung, Verwertung, Bearbeitung und Ver\u00e4nderung &#8211; au\u00dferhalb allf\u00e4lliger freier Werknutzungen &#8211; ist nur mit Zustimmung der Seitenurheberin bzw. des Seitenurhebers zul\u00e4ssig. S\u00e4mtliche Urheberrechtsverst\u00f6\u00dfe werden zivil- bzw. allenfalls strafrechtlich verfolgt.<\/p>\n<p><b>&nbsp;<\/b><\/p>\n<p><b>Haftung, Verweise und Links<\/b><\/p>\n<p>Die ver\u00f6ffentlichten Inhalte sind sorgf\u00e4ltig recherchiert und programmiert. Dennoch kann keine Gew\u00e4hr f\u00fcr die Richtigkeit und Vollst\u00e4ndigkeit \u00fcbernommen werden. Alle Angaben erfolgen ohne Gew\u00e4hr. Eine Haftung f\u00fcr allf\u00e4llige Sch\u00e4den, die sich aus den ver\u00f6ffentlichten Inhalten ergeben, ist ausgeschlossen.<\/p>\n<p>Die Autoren erkl\u00e4ren ausdr\u00fccklich, dass zum Zeitpunkt der Linksetzung die entsprechenden verlinkten Seiten frei von illegalen Inhalten waren. Auf die aktuelle und zuk\u00fcnftige Gestaltung sowie auf die Inhalte der gelinkten\/verkn\u00fcpften Seiten haben die Autoren keinen Einfluss. Deshalb distanzieren sie sich ausdr\u00fccklich von Inhalten aller gelinkten\/verkn\u00fcpften Seiten, die nach der Linksetzung ver\u00e4ndert wurden und \u00fcbernehmen daf\u00fcr keine Verantwortung. F\u00fcr illegale, fehlerhafte oder unvollst\u00e4ndige Inhalte und insbesondere f\u00fcr Sch\u00e4den, die aus der Nutzung oder Nichtnutzung solcherart dargebotener Informationen entstehen, haftet allein die Anbieterin bzw. der Anbieter der Seite, auf welche verwiesen wurde, nicht diejenige bzw. derjenige, die bzw. der \u00fcber Links auf die jeweilige Ver\u00f6ffentlichung lediglich verweist.<\/p>\t\t\t\t\t\t\t\t<\/div>\n\t\t\t\t<\/div>\n\t\t\t\t\t<\/div>\n\t\t\t\t<\/div>\n\t\t\t\t<\/div>\n\t\t","protected":false},"excerpt":{"rendered":"Berufsschule f\u00fcr Verwaltungsberufe Embelgasse 461050 Wien E-Mail: office.905025@schule.wien.gv.at Tel.: +43 14000-95935 Schulkennzahl: 905025 Direktion BDin Dipl.P\u00e4d. Daniela KirnbauerE-Mail: direktion.905025@schule.wien.gv.at &nbsp; [&hellip;]","protected":false},"author":1,"featured_media":0,"parent":0,"menu_order":0,"comment_status":"closed","ping_status":"closed","template":"","meta":{"footnotes":""},"class_list":["post-7","page","type-page","status-publish","hentry"],"_links":{"self":[{"href":"https:\/\/bs-wien.at\/neu\/wp-json\/wp\/v2\/pages\/7","targetHints":{"allow":["GET"]}}],"collection":[{"href":"https:\/\/bs-wien.at\/neu\/wp-json\/wp\/v2\/pages"}],"about":[{"href":"https:\/\/bs-wien.at\/neu\/wp-json\/wp\/v2\/types\/page"}],"author":[{"embeddable":true,"href":"https:\/\/bs-wien.at\/neu\/wp-json\/wp\/v2\/users\/1"}],"replies":[{"embeddable":true,"href":"https:\/\/bs-wien.at\/neu\/wp-json\/wp\/v2\/comments?post=7"}],"version-history":[{"count":19,"href":"https:\/\/bs-wien.at\/neu\/wp-json\/wp\/v2\/pages\/7\/revisions"}],"predecessor-version":[{"id":1048,"href":"https:\/\/bs-wien.at\/neu\/wp-json\/wp\/v2\/pages\/7\/revisions\/1048"}],"wp:attachment":[{"href":"https:\/\/bs-wien.at\/neu\/wp-json\/wp\/v2\/media?parent=7"}],"curies":[{"name":"wp","href":"https:\/\/api.w.org\/{rel}","templated":true}]}}